{"id":592,"date":"2017-05-19T16:24:17","date_gmt":"2017-05-19T20:24:17","guid":{"rendered":"http:\/\/jsonicdev.magemontreal.com\/categories-2\/"},"modified":"2017-06-06T16:14:09","modified_gmt":"2017-06-06T20:14:09","slug":"categories","status":"publish","type":"page","link":"https:\/\/jsonic.ca\/fr\/categories\/","title":{"rendered":"Categories"},"content":{"rendered":"<h1>\n\t\t<a href=\"http:\/\/www.montrealfloorandtileoutlet.ca\/fr\/\" title=\"&lt;span class=&quot;uppercase&quot; title=&quot;Plancher et Carreaux&quot;&gt;Plancher et Carreaux&lt;\/span&gt;\" target=\"_blank\"><br \/>\n\t\tPlancher et Carreaux<br \/>\n\t\t<\/a><br \/>\n\t<\/h1>\n<h2>\n\t\tPlancher de premi\u00e8re qualit\u00e9<br \/>\n\t<\/h2>\n<h3>\n\t\t<a href=\"http:\/\/www.montrealfloorandtileoutlet.ca\/fr\/plancher-lamine\" title=\"&lt;span class=&quot;uppercase&quot; title=&quot;Plancher lamin\u00e9&quot;&gt;Plancher&lt;br&gt;LAMIN\u00c9&lt;\/span&gt;\" target=\"_blank\"><br \/>\n\t\tPlancher<br \/>LAMIN\u00c9<br \/>\n\t\t<\/a><br \/>\n\t<\/h3>\n<h3>\n\t\t<a href=\"http:\/\/www.montrealfloorandtileoutlet.ca\/fr\/carreaux-muraux-en-mosaique\" title=\"&lt;span class=&quot;uppercase&quot; title=&quot;Carreaux de Vinyle&quot;&gt;Carreaux de&lt;br&gt;Vinyle&lt;\/span&gt;\" target=\"_blank\"><br \/>\n\t\tCarreaux de<br \/>Vinyle<br \/>\n\t\t<\/a><br \/>\n\t<\/h3>\n<h3>\n\t\t<a href=\"http:\/\/www.montrealfloorandtileoutlet.ca\/fr\/carreaux-muraux-en-mosaique\" title=\"&lt;span class=&quot;uppercase&quot; title=&quot;Carreaux en mosa\u00efque&quot;&gt;Carreaux en&lt;br&gt;mosa\u00efque&lt;\/span&gt;\" target=\"_blank\"><br \/>\n\t\tCarreaux en<br \/>mosa\u00efque<br \/>\n\t\t<\/a><br \/>\n\t<\/h3>\n<h3>\n\t\tAVEZ-VOUS DES QUESTIONS SUR NOS PRODUITS?<br \/>\n\t<\/h3>\n<p>\t\t\t<a href=\"https:\/\/jsonic.ca\/fr\/contact\/\" target=\"_self\" role=\"button\"><br \/>\n\t\t\t\t\t\t\tCONTACTEZ-NOUS<br \/>\n\t\t\t<\/a><\/p>\n<h5><a href=\"https:\/\/jsonic.ca\/fr\/categories\/\">Plancher et Carreaux<\/a><\/h5>\n<p><a href=\"http:\/\/www.montrealfloorandtileoutlet.ca\/fr\/plancher-lamine\" target=\"_blank\" rel=\"noopener noreferrer\">Lamin\u00e9<\/a><br \/>\n<a href=\"http:\/\/www.montrealfloorandtileoutlet.ca\/fr\/carreaux-de-vinyle\" target=\"_blank\" rel=\"noopener noreferrer\">Vinyle<\/a><br \/>\n<a href=\"http:\/\/www.montrealfloorandtileoutlet.ca\/fr\/carreaux-muraux-en-mosaique\" target=\"_blank\" rel=\"noopener noreferrer\">Carreaux de mosa\u00efque<\/a><br \/>\n<a href=\"http:\/\/www.montrealfloorandtileoutlet.ca\/fr\/accessoires\" target=\"_blank\" rel=\"noopener noreferrer\">Accessoires<\/a><\/p>\n<h5 style=\"text-align: left;\"><a href=\"https:\/\/jsonic.ca\/fr\/a-propos\/\">\u00c0 Propos<\/a><\/h5>\n<p style=\"text-align: left;\"><a href=\"https:\/\/jsonic.ca\/fr\/a-propos\/\">Engagement envers la qualit\u00e9<\/a><\/p>\n<h5 style=\"text-align: left;\"><a href=\"https:\/\/jsonic.ca\/fr\/contact\/\">Contactez-nous<\/a><\/h5>\n<p style=\"text-align: left;\"><a href=\"mailto:info@jsonic.ca\">info@jsonic.ca<\/a><br \/>\n(514) 341\u00a0&#8211;\u00a05789<br \/>\n<a href=\"https:\/\/www.google.ca\/maps\/dir\/\/6869+Boul+Henri-Bourassa+O,+Saint-Laurent,+QC+H4R+1E1\/@45.5689643,-73.8055352,12z\/data=!4m8!4m7!1m0!1m5!1m1!1s0x4cc917e98ba931b1:0xa6c74cdeaa9b436!2m2!1d-73.7345881!2d45.5104297\" target=\"_blank\" rel=\"noopener noreferrer\">6869 Henri Bourassa O, St-Laurent, QC H4R 1E1<\/a><\/p>\n<p>\u00a9 Copyright 2009-2017 Jsonic.ca.<br \/>\nTous Droits R\u00e9serv\u00e9s.<\/p>\n<p>Web Design par\u00a0<a href=\"http:\/\/magemontreal.com\">MageMontreal<\/a><\/p>\n","protected":false},"excerpt":{"rendered":"<p>Plancher et Carreaux Plancher de premi\u00e8re qualit\u00e9 PlancherLAMIN\u00c9 Carreaux deVinyle Carreaux enmosa\u00efque AVEZ-VOUS DES QUESTIONS SUR NOS PRODUITS? CONTACTEZ-NOUS Plancher et Carreaux Lamin\u00e9 Vinyle Carreaux de mosa\u00efque Accessoires \u00c0 Propos Engagement envers la qualit\u00e9 Contactez-nous info@jsonic.ca (514) 341\u00a0&#8211;\u00a05789 6869 Henri Bourassa O, St-Laurent, QC H4R 1E1 \u00a9 Copyright 2009-2017 Jsonic.ca. Tous Droits R\u00e9serv\u00e9s. Web Design&hellip;<\/p>\n","protected":false},"author":1,"featured_media":0,"parent":0,"menu_order":0,"comment_status":"closed","ping_status":"closed","template":"","meta":{"_exactmetrics_skip_tracking":false,"_exactmetrics_sitenote_active":false,"_exactmetrics_sitenote_note":"","_exactmetrics_sitenote_category":0,"footnotes":""},"class_list":["post-592","page","type-page","status-publish","hentry"],"_links":{"self":[{"href":"https:\/\/jsonic.ca\/fr\/wp-json\/wp\/v2\/pages\/592","targetHints":{"allow":["GET"]}}],"collection":[{"href":"https:\/\/jsonic.ca\/fr\/wp-json\/wp\/v2\/pages"}],"about":[{"href":"https:\/\/jsonic.ca\/fr\/wp-json\/wp\/v2\/types\/page"}],"author":[{"embeddable":true,"href":"https:\/\/jsonic.ca\/fr\/wp-json\/wp\/v2\/users\/1"}],"replies":[{"embeddable":true,"href":"https:\/\/jsonic.ca\/fr\/wp-json\/wp\/v2\/comments?post=592"}],"version-history":[{"count":14,"href":"https:\/\/jsonic.ca\/fr\/wp-json\/wp\/v2\/pages\/592\/revisions"}],"predecessor-version":[{"id":697,"href":"https:\/\/jsonic.ca\/fr\/wp-json\/wp\/v2\/pages\/592\/revisions\/697"}],"wp:attachment":[{"href":"https:\/\/jsonic.ca\/fr\/wp-json\/wp\/v2\/media?parent=592"}],"curies":[{"name":"wp","href":"https:\/\/api.w.org\/{rel}","templated":true}]}}